{"id":996,"date":"2018-10-12T14:21:27","date_gmt":"2018-10-12T12:21:27","guid":{"rendered":"https:\/\/mnm.lu\/?page_id=996"},"modified":"2023-08-29T14:47:52","modified_gmt":"2023-08-29T12:47:52","slug":"auf-fossiliensuche","status":"publish","type":"page","link":"https:\/\/mnm.lu\/de\/besuche\/auf-fossiliensuche\/","title":{"rendered":"Auf Fossiliensuche"},"content":{"rendered":"<p><strong><span style=\"color: #800000;\">Wegen Umbauarbeiten ist die Fossiliensuche nicht verf\u00fcgbar. Wir bitten um Verst\u00e4ndnis.<\/span><\/strong><\/p>\n<p>Ausgestattet wie ein Geologe, begeben sich die Kinder auf die Suche nach Tieren und Pflanzen aus der Vergangenheit, welche sich versteinert in Felsbrocken wiederfinden. Nach einer kurzen Einf\u00fchrung ziehen die Kinder ihre Schutzausr\u00fcstung an und ihre Arbeit mit Hammer beginnt an den Kalksteinen.<\/p>\n<p>Die Besichtigung findet drau\u00dfen statt und dauert 2 Stunden bei maximal 18 Kindern pro Gruppe. Wird diese Anzahl \u00fcberschritten, wird eine weitere Gruppe gebildet. Die F\u00fchrung findet im ehemaligen Tagebau hinter dem Empfangsgeb\u00e4ude statt (Treffpunkt beim MNM). Denken Sie daran die Kleiderwahl den aktuellen Witterungsbedingungen anzupassen.<\/p>\n<p>Reservierungen sollen bitte sp\u00e4testens 48 Stunden vor der Besichtigung \u00fcber unsere <span style=\"color: #808080;\"><strong><a style=\"color: #808080;\" href=\"https:\/\/mnm.lu\/de\/infos-preise-reservierung\/\">Webseite<\/a><\/strong><\/span> get\u00e4tigt werden. Uhrzeit sowie Sprache von Ihrem Besuch sind frei w\u00e4hlbar.<\/p>\n","protected":false},"excerpt":{"rendered":"<p>Wegen Umbauarbeiten ist die Fossiliensuche nicht verf\u00fcgbar. Wir bitten um Verst\u00e4ndnis. Ausgestattet wie ein Geologe, begeben sich die Kinder auf die Suche nach Tieren und Pflanzen aus der Vergangenheit, welche [&hellip;]<\/p>\n","protected":false},"author":1,"featured_media":0,"parent":976,"menu_order":0,"comment_status":"closed","ping_status":"closed","template":"","meta":{"footnotes":""},"class_list":["post-996","page","type-page","status-publish","hentry"],"aioseo_notices":[],"_links":{"self":[{"href":"https:\/\/mnm.lu\/de\/wp-json\/wp\/v2\/pages\/996","targetHints":{"allow":["GET"]}}],"collection":[{"href":"https:\/\/mnm.lu\/de\/wp-json\/wp\/v2\/pages"}],"about":[{"href":"https:\/\/mnm.lu\/de\/wp-json\/wp\/v2\/types\/page"}],"author":[{"embeddable":true,"href":"https:\/\/mnm.lu\/de\/wp-json\/wp\/v2\/users\/1"}],"replies":[{"embeddable":true,"href":"https:\/\/mnm.lu\/de\/wp-json\/wp\/v2\/comments?post=996"}],"version-history":[{"count":2,"href":"https:\/\/mnm.lu\/de\/wp-json\/wp\/v2\/pages\/996\/revisions"}],"predecessor-version":[{"id":10250,"href":"https:\/\/mnm.lu\/de\/wp-json\/wp\/v2\/pages\/996\/revisions\/10250"}],"up":[{"embeddable":true,"href":"https:\/\/mnm.lu\/de\/wp-json\/wp\/v2\/pages\/976"}],"wp:attachment":[{"href":"https:\/\/mnm.lu\/de\/wp-json\/wp\/v2\/media?parent=996"}],"curies":[{"name":"wp","href":"https:\/\/api.w.org\/{rel}","templated":true}]}}