{"id":994,"date":"2018-10-12T14:17:53","date_gmt":"2018-10-12T12:17:53","guid":{"rendered":"https:\/\/mnm.lu\/?page_id=994"},"modified":"2026-01-02T15:35:32","modified_gmt":"2026-01-02T14:35:32","slug":"interaktive-besichtigung-im-stollen","status":"publish","type":"page","link":"https:\/\/mnm.lu\/de\/besuche\/interaktive-besichtigung-im-stollen\/","title":{"rendered":"Interaktive F\u00fchrung"},"content":{"rendered":"<p>[vc_row][vc_column][vc_column_text]<\/p>\n<p><strong><span style=\"color: #800000;\">Unsere interaktiven F\u00fchrungen sind auf 20 Besucher beschr\u00e4nkt (z.B. 18 Sch\u00fcler und 2 Erzieher).<br \/>\n<\/span><\/strong><\/p>\n<p>Die interaktive F\u00fchrung erlaubt es den Kindern sich in die Rolle eines Bergmannes zu versetzen.<br \/>\nDabei schl\u00fcpfen sie in verschiedene Rollen: Sie werden zum Steiger, zum Hauer, zum Schlepper, zum Geometer, zum Fuhrmann, zum Konzessionsinhaber&#8230; Au\u00dferdem werden sie aktiv beteiligt, indem sie bohren, Eisenerzbl\u00f6cke zerschlagen, eine Lore schieben und an einer simulierten Sprengung assistieren. Nach getaner Arbeit gelangen sie wieder ans Tageslicht zur\u00fcck, wo sie ein Geschenk erwartet.<\/p>\n<p>Die interaktive Besichtigung ist f\u00fcr Kinder im Alter zwischen 6 und 14 Jahren geeignet. Die F\u00fchrung wird zu Fu\u00df unternommen und dauert 2 Stunden. Der Besuch wird in Gruppen von max. 18 Kindern gestaltet. Wird diese Anzahl \u00fcberschritten, wird eine weitere Gruppe gebildet.<\/p>\n<p>Option Grubenbahn: Sie k\u00f6nnen Ihre interaktive Tour verl\u00e4ngern, indem Sie eine Fahrt in unserer Grubenbahn hinzuf\u00fcgen, um unter die Erde zu gelangen. Wenn Sie den Zug buchen m\u00f6chten, nutzen Sie bitte unser <span style=\"color: #808080;\"><strong><a style=\"color: #808080;\" href=\"https:\/\/mnm.lu\/de\/infos-preise-reservierung\/\">Online-Buchungsformular<\/a><\/strong><\/span>.<\/p>\n<p>Option Mittagessen: Es besteht die M\u00f6glichkeit an Ort und Stelle in der Brasserie du Mus\u00e9e zu speisen. Hier gibt es Kindermen\u00fcs f\u00fcr 13,80\u20ac, nach Wahl:<\/p>\n<ul>\n<li>Spaghetti Bolognese, Kuchen oder Eis, 1 Getr\u00e4nk inbegriffen.<\/li>\n<li>Wiener Schnitzel, Pommes, Kuchen oder Eis, ein Getr\u00e4nk inbegriffen.<\/li>\n<\/ul>\n<p>Reservieren Sie diese Option bitte direkt bei der Brasserie unter der Telefonnummer: +352 56 70 08.<\/p>\n<p>Besichtigungsdauer: 2h<\/p>\n<p>Zugang f\u00fcr Personen mit eingeschr\u00e4nkter Mobilit\u00e4t m\u00f6glich<\/p>\n<p>Festes Schuhwerk und warme Kleidung empfohlen (10\u00b0C das ganze Jahr \u00fcber)<\/p>\n<p>Ein Schutzhelm wird Ihnen vom MNM zur Verf\u00fcgung gestellt<\/p>\n<p>Hunde sind im Bergwerk nicht zugelassen<\/p>\n<p>In Ausnahmef\u00e4llen wie Glatteis oder Wetterbeeintr\u00e4chtigung k\u00f6nnen wir die Zugfahrt streichen [\/vc_column_text][vc_row_inner][vc_column_inner width=&#8221;1\/4&#8243;][vc_btn title=&#8221;\u00d6ffnungszeiten und Preise&#8221; style=&#8221;custom&#8221; custom_text=&#8221;#666666&#8243; align=&#8221;center&#8221; button_block=&#8221;true&#8221; link=&#8221;url:https%3A%2F%2Fmnm.lu%2Fde%2Foffnungszeiten-und-preise%2F|title:%C3%96ffnungszeiten%20und%20Preise&#8221; el_class=&#8221;button-red&#8221;][\/vc_column_inner][vc_column_inner width=&#8221;1\/4&#8243;][\/vc_column_inner][vc_column_inner width=&#8221;1\/4&#8243;][\/vc_column_inner][vc_column_inner width=&#8221;1\/4&#8243;][vc_btn title=&#8221;Reservierung&#8221; style=&#8221;custom&#8221; custom_text=&#8221;#666666&#8243; align=&#8221;center&#8221; button_block=&#8221;true&#8221; link=&#8221;url:https%3A%2F%2Fmnm.lu%2Fde%2Freservierung%2F|title:Reservierung&#8221; el_class=&#8221;button-red&#8221;][\/vc_column_inner][\/vc_row_inner][\/vc_column][\/vc_row]<\/p>\n","protected":false},"excerpt":{"rendered":"<p>[vc_row][vc_column][vc_column_text] Unsere interaktiven F\u00fchrungen sind auf 20 Besucher beschr\u00e4nkt (z.B. 18 Sch\u00fcler und 2 Erzieher). Die interaktive F\u00fchrung erlaubt es den Kindern sich in die Rolle eines Bergmannes zu versetzen. [&hellip;]<\/p>\n","protected":false},"author":1,"featured_media":0,"parent":976,"menu_order":0,"comment_status":"closed","ping_status":"closed","template":"","meta":{"footnotes":""},"class_list":["post-994","page","type-page","status-publish","hentry"],"aioseo_notices":[],"_links":{"self":[{"href":"https:\/\/mnm.lu\/de\/wp-json\/wp\/v2\/pages\/994","targetHints":{"allow":["GET"]}}],"collection":[{"href":"https:\/\/mnm.lu\/de\/wp-json\/wp\/v2\/pages"}],"about":[{"href":"https:\/\/mnm.lu\/de\/wp-json\/wp\/v2\/types\/page"}],"author":[{"embeddable":true,"href":"https:\/\/mnm.lu\/de\/wp-json\/wp\/v2\/users\/1"}],"replies":[{"embeddable":true,"href":"https:\/\/mnm.lu\/de\/wp-json\/wp\/v2\/comments?post=994"}],"version-history":[{"count":5,"href":"https:\/\/mnm.lu\/de\/wp-json\/wp\/v2\/pages\/994\/revisions"}],"predecessor-version":[{"id":16151,"href":"https:\/\/mnm.lu\/de\/wp-json\/wp\/v2\/pages\/994\/revisions\/16151"}],"up":[{"embeddable":true,"href":"https:\/\/mnm.lu\/de\/wp-json\/wp\/v2\/pages\/976"}],"wp:attachment":[{"href":"https:\/\/mnm.lu\/de\/wp-json\/wp\/v2\/media?parent=994"}],"curies":[{"name":"wp","href":"https:\/\/api.w.org\/{rel}","templated":true}]}}