{"id":992,"date":"2018-10-12T12:10:19","date_gmt":"2018-10-12T10:10:19","guid":{"rendered":"https:\/\/mnm.lu\/?page_id=992"},"modified":"2024-02-26T18:31:59","modified_gmt":"2024-02-26T17:31:59","slug":"reservierung-des-versammlungsraumes","status":"publish","type":"page","link":"https:\/\/mnm.lu\/de\/besuche\/reservierung-des-versammlungsraumes\/","title":{"rendered":"Versammlungsraum"},"content":{"rendered":"<p><strong><span style=\"color: #800000;\">Wegen Umbauarbeiten ist der Jean-Pierre-Bausch-Saal nicht verf\u00fcgbar. Wir bitten um Verst\u00e4ndnis.<\/span><\/strong><\/p>\n<p>Der Saal Jean-Pierre Bausch befindet sich im Empfangsgeb\u00e4ude und bietet Platz f\u00fcr bis zu 60 Personen und kann anl\u00e4sslich verschiedener Veranstaltungen gebucht werden, beispielsweise f\u00fcr Geburtstage oder Versammlungen. Im Raum stehen Ihnen Tische, St\u00fchle und ein Projektor mit Sprechanlage zur Verf\u00fcgung.<br \/>\nSie k\u00f6nnen Ihre Versammlung mit einem Mittagessen in der Brasserie des Museums oder mit einer F\u00fchrung kombinieren.<br \/>\nNehmen Sie mit uns Kontakt auf um gemeinsam Ihren Aufenthalt im MNM zu planen.<\/p>\n","protected":false},"excerpt":{"rendered":"<p>Wegen Umbauarbeiten ist der Jean-Pierre-Bausch-Saal nicht verf\u00fcgbar. Wir bitten um Verst\u00e4ndnis. Der Saal Jean-Pierre Bausch befindet sich im Empfangsgeb\u00e4ude und bietet Platz f\u00fcr bis zu 60 Personen und kann anl\u00e4sslich [&hellip;]<\/p>\n","protected":false},"author":1,"featured_media":0,"parent":976,"menu_order":0,"comment_status":"closed","ping_status":"closed","template":"","meta":{"footnotes":""},"class_list":["post-992","page","type-page","status-publish","hentry"],"aioseo_notices":[],"_links":{"self":[{"href":"https:\/\/mnm.lu\/de\/wp-json\/wp\/v2\/pages\/992","targetHints":{"allow":["GET"]}}],"collection":[{"href":"https:\/\/mnm.lu\/de\/wp-json\/wp\/v2\/pages"}],"about":[{"href":"https:\/\/mnm.lu\/de\/wp-json\/wp\/v2\/types\/page"}],"author":[{"embeddable":true,"href":"https:\/\/mnm.lu\/de\/wp-json\/wp\/v2\/users\/1"}],"replies":[{"embeddable":true,"href":"https:\/\/mnm.lu\/de\/wp-json\/wp\/v2\/comments?post=992"}],"version-history":[{"count":2,"href":"https:\/\/mnm.lu\/de\/wp-json\/wp\/v2\/pages\/992\/revisions"}],"predecessor-version":[{"id":10261,"href":"https:\/\/mnm.lu\/de\/wp-json\/wp\/v2\/pages\/992\/revisions\/10261"}],"up":[{"embeddable":true,"href":"https:\/\/mnm.lu\/de\/wp-json\/wp\/v2\/pages\/976"}],"wp:attachment":[{"href":"https:\/\/mnm.lu\/de\/wp-json\/wp\/v2\/media?parent=992"}],"curies":[{"name":"wp","href":"https:\/\/api.w.org\/{rel}","templated":true}]}}