{"id":990,"date":"2018-10-12T11:36:51","date_gmt":"2018-10-12T09:36:51","guid":{"rendered":"https:\/\/mnm.lu\/?page_id=990"},"modified":"2024-03-05T18:37:13","modified_gmt":"2024-03-05T17:37:13","slug":"individuell-angepasste-fuehrungen","status":"publish","type":"page","link":"https:\/\/mnm.lu\/de\/besuche\/individuell-angepasste-fuehrungen\/","title":{"rendered":"F\u00fchrungen \u00e0 la carte"},"content":{"rendered":"<p>[vc_row][vc_column][vc_column_text]<\/p>\n<p>Unsere Standardangebote sagen Ihnen nicht ganz zu? Wenden Sie sich an uns und wir werden versuchen gemeinsam Ihren Besuch nach Ihren W\u00fcnschen zu gestalten. Verschiedene Anpassungen sind m\u00f6glich, so zum Beispiel:<\/p>\n<p>-Der Bergarbeiterimbiss: Anschlie\u00dfend an Ihren Museumsbesuch erhalten Sie einen rustikalen, 30-min\u00fctigen Imbiss in der Grube. Dieser beinhaltet Getr\u00e4nke, Wurst, K\u00e4se, Brot mit Senf und Essiggurken.<\/p>\n<p>-Ein Essen nach Ihrem Besuch in der Brasserie des Museums.<\/p>\n<p>-Unterirdische, gek\u00fcrzte F\u00fchrungen von nur einer Stunde, f\u00fcr Gruppen, die es eilig haben.<\/p>\n<p>-Je nach Verf\u00fcgbarkeit der Museumsf\u00fchrer und der R\u00e4umlichkeiten, k\u00f6nnen wir f\u00fcr Ihre Gruppe eine Spezialf\u00fchrung organisieren, z.B. mit Karbidlampen.<\/p>\n<p>[\/vc_column_text][vc_row_inner][vc_column_inner width=&#8221;1\/4&#8243;][vc_btn title=&#8221;\u00d6ffnungszeiten und Preise&#8221; style=&#8221;custom&#8221; custom_text=&#8221;#666666&#8243; align=&#8221;center&#8221; button_block=&#8221;true&#8221; link=&#8221;url:https%3A%2F%2Fmnm.lu%2Fde%2Foffnungszeiten-und-preise%2F|title:%C3%96ffnungszeiten%20und%20Preise&#8221; el_class=&#8221;button-red&#8221;][\/vc_column_inner][vc_column_inner width=&#8221;1\/4&#8243;][\/vc_column_inner][vc_column_inner width=&#8221;1\/4&#8243;][\/vc_column_inner][vc_column_inner width=&#8221;1\/4&#8243;][vc_btn title=&#8221;Reservierung&#8221; style=&#8221;custom&#8221; custom_text=&#8221;#666666&#8243; align=&#8221;center&#8221; button_block=&#8221;true&#8221; link=&#8221;url:https%3A%2F%2Fmnm.lu%2Fde%2Freservierung%2F|title:Reservierung&#8221; el_class=&#8221;button-red&#8221;][\/vc_column_inner][\/vc_row_inner][\/vc_column][\/vc_row]<\/p>\n","protected":false},"excerpt":{"rendered":"<p>[vc_row][vc_column][vc_column_text] Unsere Standardangebote sagen Ihnen nicht ganz zu? Wenden Sie sich an uns und wir werden versuchen gemeinsam Ihren Besuch nach Ihren W\u00fcnschen zu gestalten. Verschiedene Anpassungen sind m\u00f6glich, so [&hellip;]<\/p>\n","protected":false},"author":1,"featured_media":0,"parent":976,"menu_order":0,"comment_status":"closed","ping_status":"closed","template":"","meta":{"footnotes":""},"class_list":["post-990","page","type-page","status-publish","hentry"],"aioseo_notices":[],"_links":{"self":[{"href":"https:\/\/mnm.lu\/de\/wp-json\/wp\/v2\/pages\/990","targetHints":{"allow":["GET"]}}],"collection":[{"href":"https:\/\/mnm.lu\/de\/wp-json\/wp\/v2\/pages"}],"about":[{"href":"https:\/\/mnm.lu\/de\/wp-json\/wp\/v2\/types\/page"}],"author":[{"embeddable":true,"href":"https:\/\/mnm.lu\/de\/wp-json\/wp\/v2\/users\/1"}],"replies":[{"embeddable":true,"href":"https:\/\/mnm.lu\/de\/wp-json\/wp\/v2\/comments?post=990"}],"version-history":[{"count":3,"href":"https:\/\/mnm.lu\/de\/wp-json\/wp\/v2\/pages\/990\/revisions"}],"predecessor-version":[{"id":12442,"href":"https:\/\/mnm.lu\/de\/wp-json\/wp\/v2\/pages\/990\/revisions\/12442"}],"up":[{"embeddable":true,"href":"https:\/\/mnm.lu\/de\/wp-json\/wp\/v2\/pages\/976"}],"wp:attachment":[{"href":"https:\/\/mnm.lu\/de\/wp-json\/wp\/v2\/media?parent=990"}],"curies":[{"name":"wp","href":"https:\/\/api.w.org\/{rel}","templated":true}]}}