{"id":988,"date":"2018-10-12T11:34:46","date_gmt":"2018-10-12T09:34:46","guid":{"rendered":"https:\/\/mnm.lu\/?page_id=988"},"modified":"2026-01-02T15:38:01","modified_gmt":"2026-01-02T14:38:01","slug":"unterirdische-fuehrung","status":"publish","type":"page","link":"https:\/\/mnm.lu\/de\/besuche\/unterirdische-fuehrung\/","title":{"rendered":"F\u00fchrung Bergwerk &#038; Grubenbahn"},"content":{"rendered":"<p>[vc_row][vc_column][vc_column_text]Folgen Sie dem Museumsf\u00fchrer 80m unter der Oberfl\u00e4che durch die Grube Walert. Betrachten Sie die Maschinen, erleben Sie die T\u00e4tigkeiten der Grubenarbeiter hautnah und lauschen Sie den mehr als hundert Jahre alten Anekdoten \u00fcber die F\u00f6rderung des Eisenerzes.<\/p>\n<p>Der Museumsf\u00fchrer erwartet Sie im Ausstellungsgeb\u00e4ude, wo Ihnen auch ein Helm aufgesetzt wird. Zu Beginn nehmen Sie im Grubenzug Platz, der ihre Gruppe in das Bergwerk bef\u00f6rdert. Dann, nehmen Sie an einer circa 1 km langen F\u00fchrung teil und besuchen dabei zu Fu\u00df die zwei Abbauebenen.<\/p>\n<p>F\u00fcr Gruppenbesichtigungen ist eine Reservation verpflichtend. Bitte f\u00fcllen Sie das <a href=\"https:\/\/mnm.lu\/de\/infos-preise-reservierung\/\"><strong>Onlineformular<\/strong><\/a> mindestens 48 Stunden vor Ihrem gew\u00fcnschten Besuch aus. Die Uhrzeit und die Sprache (Luxemburgisch, Deutsch, Franz\u00f6sisch, Englisch) Ihres Besuches sind frei w\u00e4hlbar. Die maximale Anzahl der Besucher liegt bei 31 Personen pro Gruppe.<\/p>\n<p>Es besteht die M\u00f6glichkeit Ihre Besichtigung mit einem Bergarbeiterimbiss in der Grube oder einer Mahlzeit in der Brasserie zu kombinieren. F\u00fcr weitere Informationen, wenden Sie sich an uns f\u00fcr unsere <strong>\u00c0 la carte Angebote<\/strong>.<\/p>\n<p>Besichtigungsdauer: 2h.<\/p>\n<p>Zugang f\u00fcr Personen mit eingeschr\u00e4nkter Mobilit\u00e4t m\u00f6glich.<\/p>\n<p>Festes Schuhwerk und warme Kleidung empfohlen (10\u00b0C das ganze Jahr \u00fcber).<\/p>\n<p>Kinder jeden Alters sind zugelassen (1 &lt; kostenpflichtig) \u00a0&#8211; Denken Sie an die Bedingungen in der Mine w\u00e4hrend einer 2-st\u00fcndigen Tour.<\/p>\n<p>Haustiere sind im Bergwerk nicht erlaubt.<\/p>\n<p>Ein Schutzhelm wird Ihnen vom MNM zur Verf\u00fcgung gestellt<\/p>\n<p>Hunde sind im Bergwerk nicht zugelassen<\/p>\n<p>In Ausnahmef\u00e4llen wie Glatteis oder Wetterbeeintr\u00e4chtigung k\u00f6nnen wir die Zugfahrt streichen\u00a0[\/vc_column_text][vc_row_inner][vc_column_inner width=&#8221;1\/4&#8243;][vc_btn title=&#8221;\u00d6ffnungszeiten &amp; Preise&#8221; style=&#8221;custom&#8221; custom_text=&#8221;#666666&#8243; align=&#8221;center&#8221; button_block=&#8221;true&#8221; link=&#8221;url:https%3A%2F%2Fmnm.lu%2Fhoraires-et-tarifs%2F|title:Horaires%20et%20tarifs&#8221; el_class=&#8221;button-red&#8221;][\/vc_column_inner][vc_column_inner width=&#8221;1\/4&#8243;][\/vc_column_inner][vc_column_inner width=&#8221;1\/4&#8243;][\/vc_column_inner][vc_column_inner width=&#8221;1\/4&#8243;][vc_btn title=&#8221;Reservieren&#8221; style=&#8221;custom&#8221; custom_text=&#8221;#666666&#8243; align=&#8221;center&#8221; button_block=&#8221;true&#8221; link=&#8221;url:https%3A%2F%2Fmnm.lu%2Fde%2Freservierung%2F%231701180028778-5747aba0-304d|title:Horaires%20et%20tarifs&#8221; el_class=&#8221;button-red&#8221;][\/vc_column_inner][\/vc_row_inner][\/vc_column][\/vc_row]<\/p>\n","protected":false},"excerpt":{"rendered":"<p>[vc_row][vc_column][vc_column_text]Folgen Sie dem Museumsf\u00fchrer 80m unter der Oberfl\u00e4che durch die Grube Walert. Betrachten Sie die Maschinen, erleben Sie die T\u00e4tigkeiten der Grubenarbeiter hautnah und lauschen Sie den mehr als hundert [&hellip;]<\/p>\n","protected":false},"author":1,"featured_media":0,"parent":976,"menu_order":0,"comment_status":"closed","ping_status":"closed","template":"","meta":{"footnotes":""},"class_list":["post-988","page","type-page","status-publish","hentry"],"aioseo_notices":[],"_links":{"self":[{"href":"https:\/\/mnm.lu\/de\/wp-json\/wp\/v2\/pages\/988","targetHints":{"allow":["GET"]}}],"collection":[{"href":"https:\/\/mnm.lu\/de\/wp-json\/wp\/v2\/pages"}],"about":[{"href":"https:\/\/mnm.lu\/de\/wp-json\/wp\/v2\/types\/page"}],"author":[{"embeddable":true,"href":"https:\/\/mnm.lu\/de\/wp-json\/wp\/v2\/users\/1"}],"replies":[{"embeddable":true,"href":"https:\/\/mnm.lu\/de\/wp-json\/wp\/v2\/comments?post=988"}],"version-history":[{"count":9,"href":"https:\/\/mnm.lu\/de\/wp-json\/wp\/v2\/pages\/988\/revisions"}],"predecessor-version":[{"id":16153,"href":"https:\/\/mnm.lu\/de\/wp-json\/wp\/v2\/pages\/988\/revisions\/16153"}],"up":[{"embeddable":true,"href":"https:\/\/mnm.lu\/de\/wp-json\/wp\/v2\/pages\/976"}],"wp:attachment":[{"href":"https:\/\/mnm.lu\/de\/wp-json\/wp\/v2\/media?parent=988"}],"curies":[{"name":"wp","href":"https:\/\/api.w.org\/{rel}","templated":true}]}}