{"id":984,"date":"2018-11-15T16:50:23","date_gmt":"2018-11-15T15:50:23","guid":{"rendered":"https:\/\/mnm.lu\/?page_id=984"},"modified":"2022-03-16T16:17:05","modified_gmt":"2022-03-16T15:17:05","slug":"sonderfuehrungen","status":"publish","type":"page","link":"https:\/\/mnm.lu\/de\/besuche\/sonderfuehrungen\/","title":{"rendered":"Sonderf\u00fchrungen"},"content":{"rendered":"<p>Das MNM organisiert regelm\u00e4\u00dfig Sonderf\u00fchrungen durch die Stollen oder die Umgebung des Museums. Zu den bekanntesten geh\u00f6ren die F\u00fchrung mit den Karbidlampen als alleinige Lichtquelle, sowie die geologischen F\u00fchrungen. <a href=\"https:\/\/mnm.lu\/home-2\/#Kalender\"><strong>Hier<\/strong><\/a> finden Sie die n\u00e4chsten Termine.<\/p>\n\n","protected":false},"excerpt":{"rendered":"<p>Das MNM organisiert regelm\u00e4\u00dfig Sonderf\u00fchrungen durch die Stollen oder die Umgebung des Museums. Zu den bekanntesten geh\u00f6ren die F\u00fchrung mit den Karbidlampen als alleinige Lichtquelle, sowie die geologischen F\u00fchrungen. Hier [&hellip;]<\/p>\n","protected":false},"author":1,"featured_media":0,"parent":976,"menu_order":0,"comment_status":"closed","ping_status":"closed","template":"","meta":{"footnotes":""},"class_list":["post-984","page","type-page","status-publish","hentry"],"aioseo_notices":[],"_links":{"self":[{"href":"https:\/\/mnm.lu\/de\/wp-json\/wp\/v2\/pages\/984","targetHints":{"allow":["GET"]}}],"collection":[{"href":"https:\/\/mnm.lu\/de\/wp-json\/wp\/v2\/pages"}],"about":[{"href":"https:\/\/mnm.lu\/de\/wp-json\/wp\/v2\/types\/page"}],"author":[{"embeddable":true,"href":"https:\/\/mnm.lu\/de\/wp-json\/wp\/v2\/users\/1"}],"replies":[{"embeddable":true,"href":"https:\/\/mnm.lu\/de\/wp-json\/wp\/v2\/comments?post=984"}],"version-history":[{"count":0,"href":"https:\/\/mnm.lu\/de\/wp-json\/wp\/v2\/pages\/984\/revisions"}],"up":[{"embeddable":true,"href":"https:\/\/mnm.lu\/de\/wp-json\/wp\/v2\/pages\/976"}],"wp:attachment":[{"href":"https:\/\/mnm.lu\/de\/wp-json\/wp\/v2\/media?parent=984"}],"curies":[{"name":"wp","href":"https:\/\/api.w.org\/{rel}","templated":true}]}}