{"id":982,"date":"2018-10-12T11:28:19","date_gmt":"2018-10-12T09:28:19","guid":{"rendered":"https:\/\/mnm.lu\/?page_id=982"},"modified":"2024-03-05T18:33:28","modified_gmt":"2024-03-05T17:33:28","slug":"naturwanderungen","status":"publish","type":"page","link":"https:\/\/mnm.lu\/de\/besuche\/naturwanderungen\/","title":{"rendered":"Naturwanderungen"},"content":{"rendered":"<p>[vc_row][vc_column][vc_column_text]<\/p>\n<p>Auf der dem Museum gegen\u00fcberliegenden Seite des Tals, dem Hutberg, befand sich der letzte Tagebau in R\u00fcmelingen. Bis zu seiner Schlie\u00dfung im Jahre 1978 wurde der Abbau durch die modernste Technik der damaligen Zeit durchgef\u00fchrt. Die Narben dieses gro\u00dfen Eingriffs verheilen langsam und die Natur \u00fcbernimmt wieder die Kontrolle. Verschiedene Pfade sind nun auf den Ebenen des ehemaligen Tagebaugebietes eingerichtet worden und bieten die M\u00f6glichkeit die verschiedenen Stadien der Wiedereroberung der Brachen durch die Natur zu sehen.<\/p>\n<p>Der bekannteste Pfad ist der Wanderweg R\u00fcmelingen I. Weitere Ausk\u00fcnfte zu Wanderwegen in der Umgebung von R\u00fcmelingen finden Sie unter: <span style=\"color: #808080;\"><strong><a style=\"color: #808080;\" href=\"https:\/\/map.geoportail.lu\/theme\/tourisme?version=3&amp;zoom=14&amp;X=668702&amp;Y=6353980&amp;lang=fr&amp;rotation=0&amp;layers=176&amp;opacities=1&amp;bgLayer=topogr_global\">map.geoportail.lu<\/a><\/strong><\/span><br \/>Die Stadt R\u00fcmelingen hat ebenfalls zwei Wanderwege sowie einen didaktischen Pfad zur lokalen Geschichte ausgeschildert. Weitere Informationen hier: <span style=\"color: #808080;\"><strong><a style=\"color: #808080;\" href=\"https:\/\/mnm.lu\/wp-content\/uploads\/2018\/10\/20130206-Brochure_Ville-Rumelange_light.pdf\">Wanderwege Stadt R\u00fcmelingen<\/a><\/strong><\/span><\/p>\n<p>[\/vc_column_text][vc_row_inner][vc_column_inner width=&#8221;1\/4&#8243;][vc_btn title=&#8221;\u00d6ffnungszeiten und Preise&#8221; style=&#8221;custom&#8221; custom_text=&#8221;#666666&#8243; align=&#8221;center&#8221; button_block=&#8221;true&#8221; link=&#8221;url:https%3A%2F%2Fmnm.lu%2Fde%2Foffnungszeiten-und-preise%2F|title:%C3%96ffnungszeiten%20und%20Preise&#8221; el_class=&#8221;button-red&#8221;][\/vc_column_inner][vc_column_inner width=&#8221;1\/4&#8243;][\/vc_column_inner][vc_column_inner width=&#8221;1\/4&#8243;][\/vc_column_inner][vc_column_inner width=&#8221;1\/4&#8243;][vc_btn title=&#8221;Reservierung&#8221; style=&#8221;custom&#8221; custom_text=&#8221;#666666&#8243; align=&#8221;center&#8221; button_block=&#8221;true&#8221; link=&#8221;url:https%3A%2F%2Fmnm.lu%2Fde%2Freservierung%2F|title:Reservierung&#8221; el_class=&#8221;button-red&#8221;][\/vc_column_inner][\/vc_row_inner][\/vc_column][\/vc_row]<\/p>\n","protected":false},"excerpt":{"rendered":"<p>[vc_row][vc_column][vc_column_text] Auf der dem Museum gegen\u00fcberliegenden Seite des Tals, dem Hutberg, befand sich der letzte Tagebau in R\u00fcmelingen. Bis zu seiner Schlie\u00dfung im Jahre 1978 wurde der Abbau durch die [&hellip;]<\/p>\n","protected":false},"author":1,"featured_media":0,"parent":976,"menu_order":0,"comment_status":"closed","ping_status":"closed","template":"","meta":{"footnotes":""},"class_list":["post-982","page","type-page","status-publish","hentry"],"aioseo_notices":[],"_links":{"self":[{"href":"https:\/\/mnm.lu\/de\/wp-json\/wp\/v2\/pages\/982","targetHints":{"allow":["GET"]}}],"collection":[{"href":"https:\/\/mnm.lu\/de\/wp-json\/wp\/v2\/pages"}],"about":[{"href":"https:\/\/mnm.lu\/de\/wp-json\/wp\/v2\/types\/page"}],"author":[{"embeddable":true,"href":"https:\/\/mnm.lu\/de\/wp-json\/wp\/v2\/users\/1"}],"replies":[{"embeddable":true,"href":"https:\/\/mnm.lu\/de\/wp-json\/wp\/v2\/comments?post=982"}],"version-history":[{"count":3,"href":"https:\/\/mnm.lu\/de\/wp-json\/wp\/v2\/pages\/982\/revisions"}],"predecessor-version":[{"id":12440,"href":"https:\/\/mnm.lu\/de\/wp-json\/wp\/v2\/pages\/982\/revisions\/12440"}],"up":[{"embeddable":true,"href":"https:\/\/mnm.lu\/de\/wp-json\/wp\/v2\/pages\/976"}],"wp:attachment":[{"href":"https:\/\/mnm.lu\/de\/wp-json\/wp\/v2\/media?parent=982"}],"curies":[{"name":"wp","href":"https:\/\/api.w.org\/{rel}","templated":true}]}}