{"id":980,"date":"2018-10-12T11:24:21","date_gmt":"2018-10-12T09:24:21","guid":{"rendered":"https:\/\/mnm.lu\/?page_id=980"},"modified":"2024-03-05T17:55:26","modified_gmt":"2024-03-05T16:55:26","slug":"der-grubenzug","status":"publish","type":"page","link":"https:\/\/mnm.lu\/de\/besuche\/der-grubenzug\/","title":{"rendered":"Grubenbahn ohne F\u00fchrung"},"content":{"rendered":"<p>[vc_row][vc_column][vc_column_text]<\/p>\n<p>Die Grubenbahn stellt die Verbindung zwischen der Oberfl\u00e4che und dem Bergwerk her. Sie f\u00e4hrt Sie ca. 1km weit durch die reichhaltige Vegetation des Tagebaugebietes, dann hinein in den Hauptstollen, 3 km lang unter Tage. Die Lokomotive und die modernen Wagen stammen aus dem Jahre 2016 und die gro\u00dfen Fenster erm\u00f6glichen Ihnen eine Sicht auf die Stollenw\u00e4nde, die nicht einmal die Grubenarbeiter hatten.<\/p>\n<p>Fahrzeit: 20min<\/p>\n<p>Zugang f\u00fcr Personen mit eingeschr\u00e4nkter Mobilit\u00e4t m\u00f6glich<\/p>\n<p>Hunde sind in der Grubenbahn nicht zugelassen<\/p>\n<p>[\/vc_column_text][vc_row_inner][vc_column_inner width=&#8221;1\/4&#8243;][vc_btn title=&#8221;\u00d6ffnungszeiten und Preise&#8221; style=&#8221;custom&#8221; custom_text=&#8221;#666666&#8243; align=&#8221;center&#8221; button_block=&#8221;true&#8221; link=&#8221;url:https%3A%2F%2Fmnm.lu%2Fde%2Foffnungszeiten-und-preise%2F|title:%C3%96ffnungszeiten%20und%20Preise&#8221; el_class=&#8221;button-red&#8221;][\/vc_column_inner][vc_column_inner width=&#8221;1\/4&#8243;][\/vc_column_inner][vc_column_inner width=&#8221;1\/4&#8243;][\/vc_column_inner][vc_column_inner width=&#8221;1\/4&#8243;][vc_btn title=&#8221;Reservierung&#8221; style=&#8221;custom&#8221; custom_text=&#8221;#666666&#8243; align=&#8221;center&#8221; button_block=&#8221;true&#8221; link=&#8221;url:https%3A%2F%2Fmnm.lu%2Fde%2Freservierung%2F|title:Reservierung&#8221; el_class=&#8221;button-red&#8221;][\/vc_column_inner][\/vc_row_inner][\/vc_column][\/vc_row]<\/p>\n","protected":false},"excerpt":{"rendered":"<p>[vc_row][vc_column][vc_column_text] Die Grubenbahn stellt die Verbindung zwischen der Oberfl\u00e4che und dem Bergwerk her. Sie f\u00e4hrt Sie ca. 1km weit durch die reichhaltige Vegetation des Tagebaugebietes, dann hinein in den Hauptstollen, [&hellip;]<\/p>\n","protected":false},"author":1,"featured_media":0,"parent":976,"menu_order":0,"comment_status":"closed","ping_status":"closed","template":"","meta":{"footnotes":""},"class_list":["post-980","page","type-page","status-publish","hentry"],"aioseo_notices":[],"_links":{"self":[{"href":"https:\/\/mnm.lu\/de\/wp-json\/wp\/v2\/pages\/980","targetHints":{"allow":["GET"]}}],"collection":[{"href":"https:\/\/mnm.lu\/de\/wp-json\/wp\/v2\/pages"}],"about":[{"href":"https:\/\/mnm.lu\/de\/wp-json\/wp\/v2\/types\/page"}],"author":[{"embeddable":true,"href":"https:\/\/mnm.lu\/de\/wp-json\/wp\/v2\/users\/1"}],"replies":[{"embeddable":true,"href":"https:\/\/mnm.lu\/de\/wp-json\/wp\/v2\/comments?post=980"}],"version-history":[{"count":6,"href":"https:\/\/mnm.lu\/de\/wp-json\/wp\/v2\/pages\/980\/revisions"}],"predecessor-version":[{"id":12438,"href":"https:\/\/mnm.lu\/de\/wp-json\/wp\/v2\/pages\/980\/revisions\/12438"}],"up":[{"embeddable":true,"href":"https:\/\/mnm.lu\/de\/wp-json\/wp\/v2\/pages\/976"}],"wp:attachment":[{"href":"https:\/\/mnm.lu\/de\/wp-json\/wp\/v2\/media?parent=980"}],"curies":[{"name":"wp","href":"https:\/\/api.w.org\/{rel}","templated":true}]}}