{"id":978,"date":"2018-10-12T11:22:19","date_gmt":"2018-10-12T09:22:19","guid":{"rendered":"https:\/\/mnm.lu\/?page_id=978"},"modified":"2026-01-02T15:36:36","modified_gmt":"2026-01-02T14:36:36","slug":"unterirdische-besichtigung","status":"publish","type":"page","link":"https:\/\/mnm.lu\/de\/besuche\/unterirdische-besichtigung\/","title":{"rendered":"F\u00fchrung Bergwerk &#038; Grubenbahn"},"content":{"rendered":"<p>[vc_row][vc_column][vc_column_text]<\/p>\r\n<p>Folgen Sie dem Museumsf\u00fchrer 80m unter der Oberfl\u00e4che durch die Grube Walert. Betrachten Sie die Maschinen, erleben Sie die T\u00e4tigkeiten der Grubenarbeiter hautnah und lauschen Sie den mehr als hundert Jahre alten Anekdoten \u00fcber die F\u00f6rderung des Eisenerzes.<\/p>\r\n<p>Der Museumsf\u00fchrer erwartet Sie im Ausstellungsgeb\u00e4ude, wo Ihnen auch ein Helm ausgeliehen wird. Zu Beginn nehmen Sie im Grubenzug Platz, der ihre Gruppe unter Tage bef\u00f6rdert. Dann nehmen Sie an einer circa 1 km langen F\u00fchrung teil und besuchen dabei zu Fu\u00df die zwei Abbauebenen.<\/p>\r\n<p>Um die Pl\u00e4tze zu sichern wird eine Reservierung empfohlen oder finden Sie sich w\u00e4hrend den \u00d6ffnungszeiten am Empfang ein. Die Sprache der F\u00fchrung wird an die Mehrheit der anwesenden Besucher angepasst, es sind auch Audioguides auf Franz\u00f6sisch, Deutsch, Niederl\u00e4ndisch und Englisch am Empfang erh\u00e4ltlich.<\/p>\r\n<p>Besichtigungsdauer: 2St.<\/p>\r\n<p>Zugang f\u00fcr Personen mit eingeschr\u00e4nkter Mobilit\u00e4t m\u00f6glich.<\/p>\r\n<p>Festes Schuhwerk und warme Kleidung empfohlen (9\u00b0C).<\/p>\r\n<p>Kinder jeden Alters sind zugelassen (2 &lt; kostenpflichtig) &#8211; Denken Sie an die Bedingungen in der Mine w\u00e4hrend einer 2-st\u00fcndigen Tour.<\/p>\r\n<p>Haustiere sind im Bergwerk nicht erlaubt.<\/p>\r\n<p>Ein Schutzhelm wird Ihnen vom MNM zur Verf\u00fcgung gestellt<\/p>\r\n<p>In Ausnahmef\u00e4llen wie Glatteis oder Wetterbeeintr\u00e4chtigung k\u00f6nnen wir die Zugfahrt streichen\u00a0[\/vc_column_text][vc_row_inner][vc_column_inner width=&#8221;1\/4&#8243;][vc_btn title=&#8221;\u00d6ffnungszeiten &amp; Preise&#8221; style=&#8221;custom&#8221; custom_text=&#8221;#666666&#8243; align=&#8221;center&#8221; button_block=&#8221;true&#8221; link=&#8221;url:https%3A%2F%2Fmnm.lu%2Fde%2Foffnungszeiten-und-preise%2F|title:%C3%96ffnungszeiten%20und%20Preise&#8221; el_class=&#8221;button-red&#8221;][\/vc_column_inner][vc_column_inner width=&#8221;1\/4&#8243;][\/vc_column_inner][vc_column_inner width=&#8221;1\/4&#8243;][\/vc_column_inner][vc_column_inner width=&#8221;1\/4&#8243;][vc_btn title=&#8221;Reservieren&#8221; style=&#8221;custom&#8221; custom_text=&#8221;#666666&#8243; align=&#8221;center&#8221; button_block=&#8221;true&#8221; link=&#8221;url:https%3A%2F%2Fmnm.lu%2Fde%2Freservierung|title:reservierung&#8221; el_class=&#8221;button-red&#8221;][\/vc_column_inner][\/vc_row_inner][\/vc_column][\/vc_row]<\/p>","protected":false},"excerpt":{"rendered":"<p>[vc_row][vc_column][vc_column_text] Folgen Sie dem Museumsf\u00fchrer 80m unter der Oberfl\u00e4che durch die Grube Walert. Betrachten Sie die Maschinen, erleben Sie die T\u00e4tigkeiten der Grubenarbeiter hautnah und lauschen Sie den mehr als [&hellip;]<\/p>\n","protected":false},"author":1,"featured_media":0,"parent":976,"menu_order":0,"comment_status":"closed","ping_status":"closed","template":"","meta":{"footnotes":""},"class_list":["post-978","page","type-page","status-publish","hentry"],"aioseo_notices":[],"_links":{"self":[{"href":"https:\/\/mnm.lu\/de\/wp-json\/wp\/v2\/pages\/978","targetHints":{"allow":["GET"]}}],"collection":[{"href":"https:\/\/mnm.lu\/de\/wp-json\/wp\/v2\/pages"}],"about":[{"href":"https:\/\/mnm.lu\/de\/wp-json\/wp\/v2\/types\/page"}],"author":[{"embeddable":true,"href":"https:\/\/mnm.lu\/de\/wp-json\/wp\/v2\/users\/1"}],"replies":[{"embeddable":true,"href":"https:\/\/mnm.lu\/de\/wp-json\/wp\/v2\/comments?post=978"}],"version-history":[{"count":9,"href":"https:\/\/mnm.lu\/de\/wp-json\/wp\/v2\/pages\/978\/revisions"}],"predecessor-version":[{"id":16152,"href":"https:\/\/mnm.lu\/de\/wp-json\/wp\/v2\/pages\/978\/revisions\/16152"}],"up":[{"embeddable":true,"href":"https:\/\/mnm.lu\/de\/wp-json\/wp\/v2\/pages\/976"}],"wp:attachment":[{"href":"https:\/\/mnm.lu\/de\/wp-json\/wp\/v2\/media?parent=978"}],"curies":[{"name":"wp","href":"https:\/\/api.w.org\/{rel}","templated":true}]}}