{"id":976,"date":"2018-02-26T15:15:20","date_gmt":"2018-02-26T14:15:20","guid":{"rendered":"https:\/\/mnm.lu\/?page_id=976"},"modified":"2024-04-12T10:57:19","modified_gmt":"2024-04-12T08:57:19","slug":"besuche","status":"publish","type":"page","link":"https:\/\/mnm.lu\/de\/besuche\/","title":{"rendered":"Besuche"},"content":{"rendered":"<p>[vc_row][vc_column][vc_column_text el_id=&#8221;solo&#8221; el_class=&#8221;scrollto&#8221;]<\/p>\n<h2>Einzelbesucher<\/h2>\n<p>Besuchen Sie das Museum allein, zusammen mit Ihrer Familie oder Freunden? Sie haben verschiedene M\u00f6glichkeiten ihren Aufenthalt auf dem Gel\u00e4nde des MNM in R\u00fcmelingen zu planen. Nehmen Sie an dem klassischen, zweist\u00fcndigen Rundgang teil, welcher eine Zugfahrt durch die Stollen und Umgebung beinhaltet. F\u00fcr die Besichtigung der Stollen welden die Besucher zu Gruppen zusammengefasst.<\/p>\n<p>Nutzen Sie die Spazierwege ab dem Museum um den ehemaligen Tagebau zu erforschen.\u00a0Je nach Jahreszeiten k\u00f6nnen Sie an Sonderf\u00fchrungen oder Veranstaltungen in und rund um das Besucherbergwerk teilnehmen.[\/vc_column_text][vc_row_inner gap=&#8221;30&#8243; el_class=&#8221;row-negative-margin&#8221;][vc_column_inner width=&#8221;1\/4&#8243;]<a class=\"boxbtn_content\" href=\"https:\/\/mnm.lu\/de\/besuche\/unterirdische-besichtigung\/\" style=\"background-image:url('https:\/\/mnm.lu\/wp-content\/uploads\/2018\/03\/Visite-en-groupe-guidee-souterraine.jpg')\"><span>F\u00fchrung Bergwerk &amp; Grubenbahn<\/span><\/a>[\/vc_column_inner][vc_column_inner width=&#8221;1\/4&#8243;]<a class=\"boxbtn_content\" href=\"https:\/\/mnm.lu\/de\/besuche\/der-grubenzug\/\" style=\"background-image:url('https:\/\/mnm.lu\/wp-content\/uploads\/2021\/02\/MNM-iNET-72dpi-56.jpg')\"><span>Grubenbahn ohne F\u00fchrung<\/span><\/a>[\/vc_column_inner][vc_column_inner width=&#8221;1\/4&#8243;]<a class=\"boxbtn_content\" href=\"https:\/\/mnm.lu\/de\/besuche\/naturwanderungen\/\" style=\"background-image:url('https:\/\/mnm.lu\/wp-content\/uploads\/2021\/02\/Sans-titre.jpg')\"><span>Naturwanderungen<\/span><\/a>[\/vc_column_inner][\/vc_row_inner][vc_row_inner gap=&#8221;30&#8243; el_class=&#8221;row-negative-margin&#8221;][vc_column_inner width=&#8221;1\/3&#8243;][\/vc_column_inner][vc_column_inner width=&#8221;1\/3&#8243;][\/vc_column_inner][vc_column_inner width=&#8221;1\/3&#8243;][\/vc_column_inner][\/vc_row_inner][\/vc_column][\/vc_row][vc_row][vc_column][vc_column_text el_id=&#8221;group&#8221; el_class=&#8221;scrollto&#8221;]<\/p>\n<h2>Angebote f\u00fcr Gruppen<\/h2>\n<p>F\u00fcr Gruppen bietet das Museum verschiedene M\u00f6glichkeiten. Sie k\u00f6nnen die unterirdischen Stollen erforschen und Ihren Besuch mit einem Bergarbeiterimbiss bereichern, an einer gef\u00fchrten Wanderung au\u00dferhalb der Grube teilnehmen, unseren Versammlungsraum anmieten oder auch Ihren Besuch individuell nach Ihren W\u00fcnschen gestalten.[\/vc_column_text][\/vc_column][\/vc_row][vc_row gap=&#8221;30&#8243; el_class=&#8221;row-negative-margin&#8221;][vc_column width=&#8221;1\/4&#8243;]<a class=\"boxbtn_content\" href=\"https:\/\/mnm.lu\/de\/besuche\/unterirdische-besichtigung\/\" style=\"background-image:url('https:\/\/mnm.lu\/wp-content\/uploads\/2018\/03\/Visite-en-groupe-guidee-souterraine.jpg')\"><span>F\u00fchrung Bergwerk &amp; Grubenbahn<\/span><\/a>[\/vc_column][vc_column width=&#8221;1\/4&#8243;]<a class=\"boxbtn_content\" href=\"https:\/\/mnm.lu\/de\/besuche\/der-grubenzug\/\" style=\"background-image:url('https:\/\/mnm.lu\/wp-content\/uploads\/2021\/02\/MNM-iNET-72dpi-56.jpg')\"><span>Grubenbahn ohne F\u00fchrung<\/span><\/a>[\/vc_column][vc_column width=&#8221;1\/4&#8243;]<a class=\"boxbtn_content\" href=\"https:\/\/mnm.lu\/de\/besuche\/individuell-angepasste-fuehrungen\/\" style=\"background-image:url('https:\/\/mnm.lu\/wp-content\/uploads\/2018\/06\/visite-a-la-carte.jpg')\"><span>F\u00fchrungen \u00e0 la carte<\/span><\/a>[\/vc_column][vc_column width=&#8221;1\/4&#8243;]<a class=\"boxbtn_content\" href=\"https:\/\/mnm.lu\/de\/besuche\/reservierung-des-versammlungsraumes\/\" style=\"background-image:url('https:\/\/mnm.lu\/wp-content\/uploads\/2018\/06\/location-de-salle.jpg')\"><span>Versammlungsraum<\/span><\/a>[\/vc_column][\/vc_row][vc_row][vc_column][vc_column_text el_id=&#8221;pedagogic&#8221; el_class=&#8221;scrollto&#8221;]<\/p>\n<h2>Angebote f\u00fcr Kindergruppen<\/h2>\n<p>Das MNM bietet verschiedene Besichtigungstouren f\u00fcr Schulklassen und Gruppen mit Kindern an: die interaktive Besichtigung in der Grube und Naturbesichtigungen. Diese Angebote richten sich an Schulklassen, k\u00f6nnen nat\u00fcrlich aber auch f\u00fcr alle anderen Kindergruppen reserviert werden.[\/vc_column_text][\/vc_column][\/vc_row][vc_row gap=&#8221;30&#8243; el_class=&#8221;row-negative-margin&#8221;][vc_column width=&#8221;1\/4&#8243;]<a class=\"boxbtn_content\" href=\"https:\/\/mnm.lu\/de\/besuche\/interaktive-besichtigung-im-stollen\/\" style=\"background-image:url('https:\/\/mnm.lu\/wp-content\/uploads\/2021\/02\/MNM-iNET-72dpi-89.jpg')\"><span>Interaktive F\u00fchrung<\/span><\/a>[\/vc_column][vc_column width=&#8221;1\/4&#8243;]<a class=\"boxbtn_content\" href=\"https:\/\/mnm.lu\/de\/besuche\/der-grubenzug\/\" style=\"background-image:url('https:\/\/mnm.lu\/wp-content\/uploads\/2021\/02\/MNM-iNET-72dpi-56.jpg')\"><span>Grubenbahn ohne F\u00fchrung<\/span><\/a>[\/vc_column][vc_column width=&#8221;1\/4&#8243;]<a class=\"boxbtn_content\" href=\"https:\/\/mnm.lu\/de\/besuche\/geburtstag-im-mnm\/\" style=\"background-image:url('https:\/\/mnm.lu\/wp-content\/uploads\/2021\/02\/MNM-iNET-72dpi-46.jpg')\"><span>Geburtstag im Bergwerk<\/span><\/a>[\/vc_column][\/vc_row][vc_row gap=&#8221;30&#8243; el_class=&#8221;row-negative-margin&#8221;][vc_column width=&#8221;1\/3&#8243;][\/vc_column][\/vc_row]<\/p>\n","protected":false},"excerpt":{"rendered":"<p>[vc_row][vc_column][vc_column_text el_id=&#8221;solo&#8221; el_class=&#8221;scrollto&#8221;] Einzelbesucher Besuchen Sie das Museum allein, zusammen mit Ihrer Familie oder Freunden? Sie haben verschiedene M\u00f6glichkeiten ihren Aufenthalt auf dem Gel\u00e4nde des MNM in R\u00fcmelingen zu planen. [&hellip;]<\/p>\n","protected":false},"author":1,"featured_media":0,"parent":0,"menu_order":0,"comment_status":"closed","ping_status":"closed","template":"","meta":{"footnotes":""},"class_list":["post-976","page","type-page","status-publish","hentry"],"aioseo_notices":[],"_links":{"self":[{"href":"https:\/\/mnm.lu\/de\/wp-json\/wp\/v2\/pages\/976","targetHints":{"allow":["GET"]}}],"collection":[{"href":"https:\/\/mnm.lu\/de\/wp-json\/wp\/v2\/pages"}],"about":[{"href":"https:\/\/mnm.lu\/de\/wp-json\/wp\/v2\/types\/page"}],"author":[{"embeddable":true,"href":"https:\/\/mnm.lu\/de\/wp-json\/wp\/v2\/users\/1"}],"replies":[{"embeddable":true,"href":"https:\/\/mnm.lu\/de\/wp-json\/wp\/v2\/comments?post=976"}],"version-history":[{"count":6,"href":"https:\/\/mnm.lu\/de\/wp-json\/wp\/v2\/pages\/976\/revisions"}],"predecessor-version":[{"id":12913,"href":"https:\/\/mnm.lu\/de\/wp-json\/wp\/v2\/pages\/976\/revisions\/12913"}],"wp:attachment":[{"href":"https:\/\/mnm.lu\/de\/wp-json\/wp\/v2\/media?parent=976"}],"curies":[{"name":"wp","href":"https:\/\/api.w.org\/{rel}","templated":true}]}}