{"id":570,"date":"2018-02-26T15:15:33","date_gmt":"2018-02-26T14:15:33","guid":{"rendered":"https:\/\/mnm.lu\/?page_id=570"},"modified":"2026-04-14T10:20:30","modified_gmt":"2026-04-14T08:20:30","slug":"museum","status":"publish","type":"page","link":"https:\/\/mnm.lu\/de\/museum\/","title":{"rendered":"Museum"},"content":{"rendered":"<p>[vc_row el_id=&#8221;souterraine&#8221; el_class=&#8221;scrollto&#8221;][vc_column]<h2 class=\"titlewithimage\" id=\"minesouterraine\"><img decoding=\"async\" src=\"https:\/\/mnm.lu\/wp-content\/uploads\/2018\/03\/mine-souteraine.jpg\" \/><span>SCHAUBERGWERK<\/span><\/h2>[vc_row_inner gap=&#8221;30&#8243;][vc_column_inner width=&#8221;2\/3&#8243;][vc_column_text]Die Tour f\u00fchrt Sie durch die Stollen der Eisenerzmine &#8220;Walert&#8221;, die von 1891 bis 1963 betrieben wurde. Mehr als 70 m unter der Erde entdecken Sie die gro\u00dfen Stollen auf zwei Ebenen und die beeindruckenden Hohlr\u00e4ume, die von den Bergleuten hinterlassen wurden und die Ihr F\u00fchrer mit vielen Anekdoten wieder zum Leben erwecken wird. Die in den Stollen ausgestellten Maschinen und Werkzeuge erz\u00e4hlen die Geschichte der Eisenerzminen in der Region von den 1860er Jahren bis zur Schlie\u00dfung der letzten lothringischen Mine im Jahr 1997. Erleben Sie mehr als ein Jahrhundert des technischen Fortschritts an dem Ort, an dem er stattfand.[\/vc_column_text][\/vc_column_inner][vc_column_inner width=&#8221;1\/3&#8243;][vc_single_image image=&#8221;1507&#8243; img_size=&#8221;medium&#8221;][\/vc_column_inner][\/vc_row_inner][vc_separator color=&#8221;custom&#8221; border_width=&#8221;2&#8243; accent_color=&#8221;#a42b25&#8243;][\/vc_column][\/vc_row][vc_row el_id=&#8221;carreau&#8221; el_class=&#8221;scrollto&#8221;][vc_column]<h2 class=\"titlewithimage\" id=\"carreaudelamine\"><img decoding=\"async\" src=\"https:\/\/mnm.lu\/wp-content\/uploads\/2018\/03\/carreau-de-la-mine.jpg\" \/><span>\u00dcBERTAGE - ANLAGEN<\/span><\/h2>[vc_row_inner gap=&#8221;30&#8243;][vc_column_inner width=&#8221;2\/3&#8243;][vc_column_text]Sie haben die M\u00f6glichkeit, die oberirdischen Anlagen, das &#8220;Karree&#8221; der Mine, frei zu erkunden. Im ehemaligen Lokomotivschuppen befindet sich eine Ausstellung, die die Geschichte der luxemburgischen Eisenerzminen erz\u00e4hlt. \u00dcber das Gel\u00e4nde verteilt finden Sie die \u00dcberreste von Geb\u00e4uden, Verladerampen und Maschinen, die Ihnen die Funktionsweise des &#8220;oberirdischen Teils&#8221; einer Mine n\u00e4her bringen.[\/vc_column_text][\/vc_column_inner][vc_column_inner width=&#8221;1\/3&#8243;][vc_single_image image=&#8221;1506&#8243; img_size=&#8221;medium&#8221;][\/vc_column_inner][\/vc_row_inner][vc_separator color=&#8221;custom&#8221; border_width=&#8221;2&#8243; accent_color=&#8221;#a42b25&#8243;][\/vc_column][\/vc_row][vc_row el_id=&#8221;train&#8221; el_class=&#8221;scrollto&#8221;][vc_column]<h2 class=\"titlewithimage\" id=\"trainminier\"><img decoding=\"async\" src=\"https:\/\/mnm.lu\/wp-content\/uploads\/2018\/03\/train-minier.jpg\" \/><span>GRUBENBAHN<\/span><\/h2>[vc_row_inner gap=&#8221;30&#8243;][vc_column_inner width=&#8221;2\/3&#8243;][vc_column_text]Der Grubenzug stellt die Verbindung zwischen Tag und Untertage her. Auf seiner Rundfahrt bringt er Sie durch die \u00fcppige Vegetation der alten Tagebaue und dann in den fast 3 km langen Hauptstollen der Mine. Die Akkulokomotive und die modernen Waggons stammen aus dem Jahr 2016 und ihre gro\u00dfen Fenster geben Ihnen einen Einblick in die Mine, den selbst die Bergleute nicht hatten.[\/vc_column_text][\/vc_column_inner][vc_column_inner width=&#8221;1\/3&#8243;][vc_single_image image=&#8221;1360&#8243; img_size=&#8221;medium&#8221;][\/vc_column_inner][\/vc_row_inner][vc_separator color=&#8221;custom&#8221; border_width=&#8221;2&#8243; accent_color=&#8221;#a42b25&#8243;][\/vc_column][\/vc_row][vc_row el_id=&#8221;collections&#8221; el_class=&#8221;scrollto&#8221;][vc_column]<h2 class=\"titlewithimage\" id=\"\"><img decoding=\"async\" src=\"https:\/\/mnm.lu\/wp-content\/uploads\/2018\/03\/collection.jpg\" \/><span>SAMMLUNGEN<\/span><\/h2>[vc_row_inner gap=&#8221;30&#8243;][vc_column_inner width=&#8221;2\/3&#8243;][vc_column_text]Das Museum verf\u00fcgt \u00fcber eine umfangreiche Sammlung von B\u00fcchern, Dokumenten, Werkzeugen, Maschinen, Gesteinsproben und anderen Objekten zur Geschichte des Bergbaus von den 1860er Jahren bis 1990. Nur ein Teil der Sammlungen ist ausgestellt. Die Magazine und Archive k\u00f6nnen von Forschern nach vorheriger Anmeldung eingesehen werden.<\/p>\n<p>Nat\u00fcrlich sind wir immer auf der Suche nach Objekten, um unsere Sammlungen zu vervollst\u00e4ndigen. Z\u00f6gern Sie nicht, uns zu kontaktieren.<\/p>\n<p>&gt; Kontakt <a href=\"mailto:info@mnm.lu\">info@mnm.lu<\/a>[\/vc_column_text][\/vc_column_inner][vc_column_inner width=&#8221;1\/3&#8243;][vc_single_image image=&#8221;560&#8243; img_size=&#8221;medium&#8221;][\/vc_column_inner][\/vc_row_inner][vc_separator color=&#8221;custom&#8221; border_width=&#8221;2&#8243; accent_color=&#8221;#a42b25&#8243;][\/vc_column][\/vc_row][vc_row el_id=&#8221;brasserie&#8221; el_class=&#8221;scrollto&#8221;][vc_column]<h2 class=\"titlewithimage\" id=\"\"><img decoding=\"async\" src=\"https:\/\/mnm.lu\/wp-content\/uploads\/2018\/03\/brasserie-musee.jpg\" \/><span>Museumsbrauerei<\/span><\/h2>[vc_row_inner gap=&#8221;30&#8243;][vc_column_inner width=&#8221;2\/3&#8243;][vc_column_text]Nutzen Sie Ihren Besuch, um sich auf der Terrasse der Brasserie du Mus\u00e9e zu versorgen, die in einem ehemaligen B\u00fcrogeb\u00e4ude des Stollens, 20 Meter von der MNM-Rezeption entfernt, untergebracht ist. Um einen Tisch in der Brasserie zu reservieren, kontaktieren Sie bitte +352 56 70 08<\/p>\n<p>&gt; <a href=\"http:\/\/www.brasseriedumusee.lu\">Brasserie<\/a>[\/vc_column_text][\/vc_column_inner][vc_column_inner width=&#8221;1\/3&#8243;][vc_single_image image=&#8221;558&#8243; img_size=&#8221;medium&#8221;][\/vc_column_inner][\/vc_row_inner][vc_separator color=&#8221;custom&#8221; border_width=&#8221;2&#8243; accent_color=&#8221;#a42b25&#8243;][\/vc_column][\/vc_row][vc_row el_id=&#8221;airedejeu&#8221; el_class=&#8221;scrollto&#8221;][vc_column]<h2 class=\"titlewithimage\" id=\"airedejeu\"><img decoding=\"async\" src=\"https:\/\/mnm.lu\/wp-content\/uploads\/2018\/03\/aire-de-jeu-mini-terrain.jpg\" \/><span>SPIELPLATZ &amp; MINIATURBAHN<\/span><\/h2>[vc_row_inner gap=&#8221;30&#8243;][vc_column_inner width=&#8221;2\/3&#8243;][vc_column_text]Besuchen Sie die &#8220;Adventure Mine&#8221; und lassen Sie Ihre Kinder sich auf den modernen Spielger\u00e4ten unseres Spielplatzes mit Bergbau-Thema austoben.<\/p>\n<p>An manchen Wochenenden in der Saison k\u00f6nnen Sie den Spielplatz mit einem dampfbetriebenen Mini-Zug umrunden. Informationen und \u00d6ffnungszeiten:<\/p>\n<p>&gt; <a href=\"http:\/\/www.dampfbahn-rumelange.npage.de\">LDBC-R<\/a>[\/vc_column_text][\/vc_column_inner][vc_column_inner width=&#8221;1\/3&#8243;][vc_single_image image=&#8221;542&#8243; img_size=&#8221;medium&#8221;][\/vc_column_inner][\/vc_row_inner][vc_separator color=&#8221;custom&#8221; border_width=&#8221;2&#8243; accent_color=&#8221;#a42b25&#8243;][\/vc_column][\/vc_row][vc_row el_id=&#8221;anciennesmines&#8221; el_class=&#8221;scrollto&#8221;][vc_column]<h2 class=\"titlewithimage\" id=\"\"><img decoding=\"async\" src=\"https:\/\/mnm.lu\/wp-content\/uploads\/2018\/03\/ancienne-mines.jpg\" \/><span>Alte Tagebaugruben<\/span><\/h2>[vc_row_inner gap=&#8221;30&#8243;][vc_column_inner width=&#8221;2\/3&#8243;][vc_column_text]In der N\u00e4he des Museumsgel\u00e4ndes befinden sich mehrere verlassene Tagebaue, die langsam von der Natur zur\u00fcckerobert werden. Wanderwege und Mountainbike-Trails f\u00fchren in alle Richtungen durch sie hindurch und erm\u00f6glichen es Ihnen, die roten Felsen der beeindruckenden Abbaufronten zu bewundern &#8211; ein echter Canyon in Miniaturformat.<\/p>\n<p>&gt; <a href=\"https:\/\/www.visitminett.lu\/fr\">Visit Minett ORT<\/a><\/p>\n<p>&gt; <a href=\"https:\/\/mnm.lu\/wp-content\/uploads\/2018\/10\/20130206-Brochure_Ville-Rumelange_light.pdf\">Brochure de la ville de Rumelange<\/a>[\/vc_column_text][\/vc_column_inner][vc_column_inner width=&#8221;1\/3&#8243;][vc_single_image image=&#8221;860&#8243; img_size=&#8221;medium&#8221;][\/vc_column_inner][\/vc_row_inner][vc_separator color=&#8221;custom&#8221; border_width=&#8221;2&#8243; accent_color=&#8221;#a42b25&#8243;][\/vc_column][\/vc_row]<\/p>\n","protected":false},"excerpt":{"rendered":"<p>[vc_row el_id=&#8221;souterraine&#8221; el_class=&#8221;scrollto&#8221;][vc_column][vc_row_inner gap=&#8221;30&#8243;][vc_column_inner width=&#8221;2\/3&#8243;][vc_column_text]Die Tour f\u00fchrt Sie durch die Stollen der Eisenerzmine &#8220;Walert&#8221;, die von 1891 bis 1963 betrieben wurde. Mehr als 70 m unter der Erde entdecken Sie [&hellip;]<\/p>\n","protected":false},"author":1,"featured_media":0,"parent":0,"menu_order":0,"comment_status":"closed","ping_status":"closed","template":"","meta":{"footnotes":""},"class_list":["post-570","page","type-page","status-publish","hentry"],"aioseo_notices":[],"_links":{"self":[{"href":"https:\/\/mnm.lu\/de\/wp-json\/wp\/v2\/pages\/570","targetHints":{"allow":["GET"]}}],"collection":[{"href":"https:\/\/mnm.lu\/de\/wp-json\/wp\/v2\/pages"}],"about":[{"href":"https:\/\/mnm.lu\/de\/wp-json\/wp\/v2\/types\/page"}],"author":[{"embeddable":true,"href":"https:\/\/mnm.lu\/de\/wp-json\/wp\/v2\/users\/1"}],"replies":[{"embeddable":true,"href":"https:\/\/mnm.lu\/de\/wp-json\/wp\/v2\/comments?post=570"}],"version-history":[{"count":8,"href":"https:\/\/mnm.lu\/de\/wp-json\/wp\/v2\/pages\/570\/revisions"}],"predecessor-version":[{"id":17104,"href":"https:\/\/mnm.lu\/de\/wp-json\/wp\/v2\/pages\/570\/revisions\/17104"}],"wp:attachment":[{"href":"https:\/\/mnm.lu\/de\/wp-json\/wp\/v2\/media?parent=570"}],"curies":[{"name":"wp","href":"https:\/\/api.w.org\/{rel}","templated":true}]}}