{"id":1590,"date":"2018-02-26T15:28:41","date_gmt":"2018-02-26T14:28:41","guid":{"rendered":"https:\/\/mnm.lu\/?page_id=1590"},"modified":"2026-04-01T16:11:10","modified_gmt":"2026-04-01T14:11:10","slug":"offnungszeiten-und-preise","status":"publish","type":"page","link":"https:\/\/mnm.lu\/de\/offnungszeiten-und-preise\/","title":{"rendered":"\u00d6ffnungszeiten und Preise"},"content":{"rendered":"<p>[vc_row][vc_column][vc_column_text el_id=&#8221;tarifs&#8221;]<\/p>\n<h2>\u00d6ffnungszeiten<\/h2>\n<p>F\u00fcr <strong>Gruppen<\/strong> von bis zu 31 Personen ist das Museum das ganze Jahr \u00fcber auf <strong>Reservierung<\/strong> ge\u00f6ffnet:<br \/>\n8:30 \u2013 12:00 et 14:00 \u2013 18:00 Uhr (Letzte Abfahrt 16:30 Uhr).<\/p>\n<p>F\u00fcr <strong>Einzelbesucher<\/strong> ist das Museum ge\u00f6ffnet:<\/p>\n<p style=\"padding-left: 40px;\"><strong>April-Juni und September :<\/strong> Donnerstags &#8211; Sonntags<\/p>\n<ul>\n<li>F\u00fchrung Bergwerk und Grubenbahn um 14:30, 15:30 und 16:30 Uhr (mit Reservierung &#8211; Kalender anzuzeigen)<\/li>\n<\/ul>\n<p style=\"padding-left: 40px;\"><strong>Juli-August :<\/strong> Dienstags &#8211; Sonntags<\/p>\n<ul>\n<li>F\u00fchrung Bergwerk und Grubenbahn um 14:30, 15:30 und 16:30 Uhr (mit Reservierung &#8211; Kalender anzuzeigen)<\/li>\n<\/ul>\n<p style=\"padding-left: 40px;\"><strong>Oktober-M\u00e4rz :<\/strong> jeden Sonntag des Monats<\/p>\n<ul style=\"list-style-type: disc;\">\n<li>F\u00fchrung Bergwerk und Grubenbahn um 14:30 und 15:30 Uhr (mit Reservierung &#8211; Kalender anzuzeigen)<\/li>\n<\/ul>\n<p>Die <strong>Sonderf\u00fchrungen<\/strong> und die<strong> individuellen F\u00fchrungen<\/strong> entnehmen Sie bitte unserem Ereigniss-Kalender.<\/p>\n<p>Das Museum ist <strong>geschlossen<\/strong> an den <strong>Montagen<\/strong>, am <strong>1. November<\/strong> und<strong> 4.<\/strong> <strong>Dezember<\/strong> sowie vom<strong> 24 Dezember bis 1. Januar einschlie\u00dflich.<\/strong>[\/vc_column_text][\/vc_column][\/vc_row][vc_row css=&#8221;.vc_custom_1701125548250{margin-top: 0px !important;border-top-width: 0px !important;padding-top: 0px !important;}&#8221;][vc_column css=&#8221;.vc_custom_1701125572643{margin-top: 0px !important;margin-bottom: 0px !important;border-top-width: 0px !important;border-bottom-width: 0px !important;padding-top: 0px !important;padding-bottom: 0px !important;}&#8221;][vc_column_text css=&#8221;.vc_custom_1709652261898{margin-bottom: 0px !important;border-bottom-width: 0px !important;padding-bottom: 0px !important;}&#8221;]<\/p>\n<h2 style=\"margin-bottom: 0;\">Preises<\/h2>\n<p>[\/vc_column_text][vc_tta_tabs active_section=&#8221;1&#8243; css=&#8221;.vc_custom_1701167353953{margin-top: 15px !important;}&#8221;][vc_tta_section title=&#8221;Besichtigung von Bergwerk und Zug&#8221; tab_id=&#8221;1701165758680-a2d2d397-3f53&#8243;][vc_column_text css=&#8221;.vc_custom_1774948336242{padding-top: 15px !important;padding-bottom: 15px !important;}&#8221;]<\/p>\n<h3 style=\"text-align: center;\">Minen- und Zugf\u00fchrung (max. 31 Teilnehmer)<\/h3>\n<p>&nbsp;<\/p>\n<table style=\"border-collapse: collapse; width: 100%;\">\n<tbody>\n<tr>\n<td style=\"width: 50%;\">Erwachsener<\/td>\n<td style=\"width: 50%;\">14 \u20ac bei Reservierung, 15 \u20ac bei Zahlung am Empfang<\/td>\n<\/tr>\n<tr>\n<td style=\"width: 50%;\">Student<\/td>\n<td style=\"width: 50%;\">\u00a010 \u20ac bei Reservierung, 11 \u20ac bei Zahlung am Empfang<\/td>\n<\/tr>\n<tr>\n<td style=\"width: 50%;\">Kind<\/td>\n<td style=\"width: 50%;\">\u00a08 \u20ac\u00a0 (1 Jahr &gt; kostenpflichtiug) bei Reservierung, 9 \u20ac bei Zahlung am Empfang<\/td>\n<\/tr>\n<\/tbody>\n<\/table>\n<p>[\/vc_column_text][\/vc_tta_section][vc_tta_section title=&#8221;Gruppenbesuch mit Zug&#8221; tab_id=&#8221;1701165758689-b5dad83f-2e6e&#8221;][vc_column_text css=&#8221;.vc_custom_1774948397368{padding-top: 15px !important;padding-bottom: 15px !important;}&#8221;]<\/p>\n<h3 style=\"text-align: center;\">Gruppenbesuch (max. 31 Teilnehmer)<\/h3>\n<p>&nbsp;<\/p>\n<table style=\"border-collapse: collapse; width: 100%;\">\n<tbody>\n<tr>\n<td style=\"width: 50%;\">Erwachsener<\/td>\n<td style=\"width: 50%;\">12 \u20ac<\/td>\n<\/tr>\n<tr>\n<td style=\"width: 50%;\">Student<\/td>\n<td style=\"width: 50%;\">8 \u20ac<\/td>\n<\/tr>\n<tr>\n<td style=\"width: 50%;\">Kind<\/td>\n<td style=\"width: 50%;\">6,50 \u20ac<\/td>\n<\/tr>\n<tr>\n<td style=\"width: 50%;\">Mindestpreis<\/td>\n<td style=\"width: 50%;\">180 \u20ac<\/td>\n<\/tr>\n<tr>\n<td style=\"width: 50%;\">Suppl. Mehrzweckraum (2 St.)<\/td>\n<td style=\"width: 50%;\">200 \u20ac<\/td>\n<\/tr>\n<\/tbody>\n<\/table>\n<p>[\/vc_column_text][\/vc_tta_section][vc_tta_section title=&#8221;Gruppenbesuch ohne Zug&#8221; tab_id=&#8221;1701168847794-b2f31f17-911d&#8221;][vc_column_text css=&#8221;.vc_custom_1774948457243{padding-top: 15px !important;padding-bottom: 15px !important;}&#8221;]<\/p>\n<h3 style=\"text-align: center;\">Gruppenbesichtigung (max. 31 Teilnehmer)<\/h3>\n<p>&nbsp;<\/p>\n<table style=\"border-collapse: collapse; width: 100%;\">\n<tbody>\n<tr>\n<td style=\"width: 50%;\">Erwachsener<\/td>\n<td style=\"width: 50%;\">10 \u20ac<\/td>\n<\/tr>\n<tr>\n<td style=\"width: 50%;\">Student<\/td>\n<td style=\"width: 50%;\">6,50 \u20ac<\/td>\n<\/tr>\n<tr>\n<td style=\"width: 50%;\">Kind<\/td>\n<td style=\"width: 50%;\">4,50 \u20ac<\/td>\n<\/tr>\n<tr>\n<td style=\"width: 50%;\">Mindestpreis<\/td>\n<td style=\"width: 50%;\">150 \u20ac<\/td>\n<\/tr>\n<tr>\n<td style=\"width: 50%;\">Suppl. Mehrzweckraum (2 St.)<\/td>\n<td style=\"width: 50%;\">200 \u20ac<\/td>\n<\/tr>\n<\/tbody>\n<\/table>\n<p>[\/vc_column_text][\/vc_tta_section][vc_tta_section title=&#8221;F\u00fchrung f\u00fcr Kinder&#8221; tab_id=&#8221;1701166256069-78d377e6-c2bb&#8221;][vc_column_text css=&#8221;.vc_custom_1774948499542{padding-top: 15px !important;padding-bottom: 15px !important;}&#8221;]<\/p>\n<h3 style=\"text-align: center;\">Interaktive F\u00fchrung f\u00fcr Kinder (max.18 Kinder und 2 Erwachsene)<\/h3>\n<table style=\"border-collapse: collapse; width: 100%;\">\n<tbody>\n<tr>\n<td style=\"width: 50%;\">Zus\u00e4tzlicher Erwachsener<\/td>\n<td style=\"width: 50%;\">12 \u20ac<\/td>\n<\/tr>\n<tr style=\"height: 24px;\">\n<td style=\"width: 50%; height: 24px;\">extra zug<\/td>\n<td style=\"width: 50%;\">100 \u20ac<\/td>\n<\/tr>\n<tr style=\"height: 24px;\">\n<td style=\"width: 50%; height: 24px;\">Pauschale (&lt;18t.+2erw.) ohne Zug<\/td>\n<td style=\"width: 50%;\">150 \u20ac<\/td>\n<\/tr>\n<tr style=\"height: 24px;\">\n<td style=\"width: 50%; height: 24px;\">Pauschale (&lt;18t.+2erw) mit Zug<\/td>\n<td style=\"width: 50%;\">250 \u20ac<\/td>\n<\/tr>\n<tr>\n<td style=\"width: 50%;\">Suppl. Mehrzweckraum (2 St.)<\/td>\n<td style=\"width: 50%;\">200 \u20ac<\/td>\n<\/tr>\n<\/tbody>\n<\/table>\n<p>[\/vc_column_text][vc_column_text css=&#8221;.vc_custom_1774948517204{padding-top: 15px !important;padding-bottom: 15px !important;}&#8221;]<\/p>\n<h3 style=\"text-align: center;\">Mini-Bergmann F\u00fchrung f\u00fcr Kinder (max.20 Kinder und 2 Erwachsene)<\/h3>\n<table style=\"border-collapse: collapse; width: 100%;\">\n<tbody>\n<tr>\n<td style=\"width: 50%;\">Zus\u00e4tzlicher Erwachsener<\/td>\n<td style=\"width: 50%;\">12 \u20ac<\/td>\n<\/tr>\n<tr style=\"height: 24px;\">\n<td style=\"width: 50%; height: 24px;\">Pauschale (&lt;20t.+2erw) mit Zug<\/td>\n<td style=\"width: 50%;\">250 \u20ac<\/td>\n<\/tr>\n<tr>\n<td style=\"width: 50%;\">Suppl. Mehrzweckraum (2 St.)<\/td>\n<td style=\"width: 50%;\">200 \u20ac<\/td>\n<\/tr>\n<\/tbody>\n<\/table>\n<p>[\/vc_column_text][\/vc_tta_section][vc_tta_section title=&#8221;Rundreise Zug&#8221; tab_id=&#8221;1701166265930-f819e655-cd90&#8243;][vc_column_text css=&#8221;.vc_custom_1774948546943{padding-top: 15px !important;padding-bottom: 15px !important;}&#8221;]<\/p>\n<h3 style=\"text-align: center;\">Rundreise Zug<\/h3>\n<p>&nbsp;<\/p>\n<table style=\"border-collapse: collapse; width: 100%;\">\n<tbody>\n<tr>\n<td style=\"width: 50%;\">Erwachsener<\/td>\n<td style=\"width: 50%;\">7 \u20ac<\/td>\n<\/tr>\n<tr>\n<td style=\"width: 50%;\">Student<\/td>\n<td style=\"width: 50%;\">7 \u20ac<\/td>\n<\/tr>\n<tr>\n<td style=\"width: 50%;\">Kind<\/td>\n<td style=\"width: 50%;\">7 \u20ac<\/td>\n<\/tr>\n<tr>\n<td style=\"width: 50%;\">Pauschale (15t.)<\/td>\n<td style=\"width: 50%;\">150 \u20ac<\/td>\n<\/tr>\n<tr>\n<td style=\"width: 50%;\">Suppl. Mehrzweckraum (2 St.)<\/td>\n<td style=\"width: 50%;\">200 \u20ac<\/td>\n<\/tr>\n<\/tbody>\n<\/table>\n<p>[\/vc_column_text][\/vc_tta_section][vc_tta_section title=&#8221;Besondere Besuche&#8221; tab_id=&#8221;1701166276070-c1bbe81e-df6d&#8221;][vc_column_text css=&#8221;.vc_custom_1728992184857{padding-top: 15px !important;padding-bottom: 15px !important;}&#8221;]<\/p>\n<h3 style=\"text-align: center;\">Fototour (max. 15 Teilnehmer)<\/h3>\n<p>&nbsp;<\/p>\n<table style=\"border-collapse: collapse; width: 100%;\">\n<tbody>\n<tr>\n<td style=\"width: 50%;\">Erwachsener<\/td>\n<td style=\"width: 50%;\">18 \u20ac<\/td>\n<\/tr>\n<tr>\n<td style=\"width: 50%;\">Pauschale (15t.)<\/td>\n<td style=\"width: 50%;\">210 \u20ac<\/td>\n<\/tr>\n<\/tbody>\n<\/table>\n<h2><\/h2>\n<h3 style=\"text-align: center;\">Lost Places Tour (max. 31 Teilnehmer)<\/h3>\n<p>&nbsp;<\/p>\n<table style=\"border-collapse: collapse; width: 100%;\">\n<tbody>\n<tr>\n<td style=\"width: 50%;\">Erwachsener<\/td>\n<td style=\"width: 50%;\">15 \u20ac<\/td>\n<\/tr>\n<tr>\n<td style=\"width: 50%;\">Student<\/td>\n<td style=\"width: 50%;\">11 \u20ac<\/td>\n<\/tr>\n<tr>\n<td style=\"width: 50%;\">Kind<\/td>\n<td style=\"width: 50%;\">10 \u20ac<\/td>\n<\/tr>\n<tr>\n<td style=\"width: 50%;\">Pauschale (&lt;15t.)<\/td>\n<td style=\"width: 50%;\">180 \u20ac<\/td>\n<\/tr>\n<\/tbody>\n<\/table>\n<h2><\/h2>\n<h3 style=\"text-align: center;\">Besichtigung von Karbidlampen (max. 31 Teilnehmer)<\/h3>\n<p>&nbsp;<\/p>\n<table style=\"border-collapse: collapse; width: 100%;\">\n<tbody>\n<tr>\n<td style=\"width: 50%;\">Erwachsener<\/td>\n<td style=\"width: 50%;\">15 \u20ac<\/td>\n<\/tr>\n<tr>\n<td style=\"width: 50%;\">Student<\/td>\n<td style=\"width: 50%;\">15 \u20ac<\/td>\n<\/tr>\n<tr>\n<td style=\"width: 50%;\">Kind<\/td>\n<td style=\"width: 50%;\">15 \u20ac<\/td>\n<\/tr>\n<tr>\n<td style=\"width: 50%;\">Pauschale (&lt;15t.)<\/td>\n<td style=\"width: 50%;\">225 \u20ac<\/td>\n<\/tr>\n<\/tbody>\n<\/table>\n<h2><\/h2>\n<h3 style=\"text-align: center;\">Digitaler Rundgang (max. 14 Teilnehmer)<\/h3>\n<p>&nbsp;<\/p>\n<table style=\"border-collapse: collapse; width: 100%;\">\n<tbody>\n<tr>\n<td style=\"width: 50%;\">Erwachsener<\/td>\n<td style=\"width: 50%;\">15 \u20ac<\/td>\n<\/tr>\n<tr>\n<td style=\"width: 50%;\">Student<\/td>\n<td style=\"width: 50%;\">11 \u20ac<\/td>\n<\/tr>\n<tr>\n<td style=\"width: 50%;\">Kind<\/td>\n<td style=\"width: 50%;\">10 \u20ac<\/td>\n<\/tr>\n<tr>\n<td style=\"width: 50%;\">Pauschale (&lt;14t.)<\/td>\n<td style=\"width: 50%;\">180 \u20ac<\/td>\n<\/tr>\n<\/tbody>\n<\/table>\n<h2><\/h2>\n<h3 style=\"text-align: center;\">Spezielle Tour \u00e0 la carte (max. 31 Teilnehmer) &#8211; Getr\u00e4nke inkl.<\/h3>\n<p>&nbsp;<\/p>\n<table style=\"border-collapse: collapse; width: 100%;\">\n<tbody>\n<tr>\n<td style=\"width: 50%;\">Erwachsener<\/td>\n<td style=\"width: 50%;\">21 \u20ac<\/td>\n<\/tr>\n<tr>\n<td style=\"width: 50%;\">Student<\/td>\n<td style=\"width: 50%;\">17 \u20ac<\/td>\n<\/tr>\n<tr>\n<td style=\"width: 50%;\">Pauschale (&lt;15t.)<\/td>\n<td style=\"width: 50%;\">300 \u20ac<\/td>\n<\/tr>\n<\/tbody>\n<\/table>\n<h2><\/h2>\n<h3 style=\"text-align: center;\">Spezialtour \u00e0 la carte (max. 31 Teilnehmer) &#8211; Getr\u00e4nke und Essen inkl.<\/h3>\n<p>&nbsp;<\/p>\n<table style=\"border-collapse: collapse; width: 100%;\">\n<tbody>\n<tr>\n<td style=\"width: 50%;\">Erwachsener<\/td>\n<td style=\"width: 50%;\">26 \u20ac<\/td>\n<\/tr>\n<tr>\n<td style=\"width: 50%;\">Kind<\/td>\n<td style=\"width: 50%;\">19 \u20ac<\/td>\n<\/tr>\n<tr>\n<td style=\"width: 50%;\">Pauschale (&lt;15t.)<\/td>\n<td style=\"width: 50%;\">400 \u20ac<\/td>\n<\/tr>\n<\/tbody>\n<\/table>\n<p>[\/vc_column_text][\/vc_tta_section][\/vc_tta_tabs][\/vc_column][\/vc_row]<\/p>\n","protected":false},"excerpt":{"rendered":"<p>[vc_row][vc_column][vc_column_text el_id=&#8221;tarifs&#8221;] \u00d6ffnungszeiten F\u00fcr Gruppen von bis zu 31 Personen ist das Museum das ganze Jahr \u00fcber auf Reservierung ge\u00f6ffnet: 8:30 \u2013 12:00 et 14:00 \u2013 18:00 Uhr (Letzte Abfahrt [&hellip;]<\/p>\n","protected":false},"author":1,"featured_media":0,"parent":0,"menu_order":0,"comment_status":"closed","ping_status":"closed","template":"","meta":{"footnotes":""},"class_list":["post-1590","page","type-page","status-publish","hentry"],"aioseo_notices":[],"_links":{"self":[{"href":"https:\/\/mnm.lu\/de\/wp-json\/wp\/v2\/pages\/1590","targetHints":{"allow":["GET"]}}],"collection":[{"href":"https:\/\/mnm.lu\/de\/wp-json\/wp\/v2\/pages"}],"about":[{"href":"https:\/\/mnm.lu\/de\/wp-json\/wp\/v2\/types\/page"}],"author":[{"embeddable":true,"href":"https:\/\/mnm.lu\/de\/wp-json\/wp\/v2\/users\/1"}],"replies":[{"embeddable":true,"href":"https:\/\/mnm.lu\/de\/wp-json\/wp\/v2\/comments?post=1590"}],"version-history":[{"count":46,"href":"https:\/\/mnm.lu\/de\/wp-json\/wp\/v2\/pages\/1590\/revisions"}],"predecessor-version":[{"id":17014,"href":"https:\/\/mnm.lu\/de\/wp-json\/wp\/v2\/pages\/1590\/revisions\/17014"}],"wp:attachment":[{"href":"https:\/\/mnm.lu\/de\/wp-json\/wp\/v2\/media?parent=1590"}],"curies":[{"name":"wp","href":"https:\/\/api.w.org\/{rel}","templated":true}]}}