{"id":1429,"date":"2020-05-26T15:00:58","date_gmt":"2020-05-26T13:00:58","guid":{"rendered":"https:\/\/mnm.lu\/?page_id=1429"},"modified":"2024-04-12T11:05:14","modified_gmt":"2024-04-12T09:05:14","slug":"grubenbahn-gruppen","status":"publish","type":"page","link":"https:\/\/mnm.lu\/de\/besuche\/grubenbahn-gruppen\/","title":{"rendered":"Grubenbahn (Gruppen)"},"content":{"rendered":"\n<p><strong><span style=\"color: #800000;\">Bitte beachten Sie, dass im Zuge der derzeit geltenden Corona-Ma\u00dfnahmen unsere F\u00fchrungen auf 10 Besucher beschr\u00e4nkt sind.<\/span><\/strong><\/p>\n<p>Die Grubenbahn stellt die Verbindung zwischen der Oberfl\u00e4che und dem Bergwerk her. Sie f\u00e4hrt Sie ca. 1km weit durch die reichhaltige Vegetation des Tagebaugebietes, dann hinein in den Hauptstollen, 3 km lang unter Tage. Die Lokomotive und die modernen Wagen stammen aus dem Jahre 2016 und die gro\u00dfen Fenster erm\u00f6glichen Ihnen eine Sicht auf die Stollenw\u00e4nde, die nicht einmal die Grubenarbeiter hatten.<\/p>\n<p>F\u00fcr Gruppenbesichtigungen ist eine Reservation verpflichtend. Bitte f\u00fcllen Sie das <a href=\"https:\/\/mnm.lu\/de\/infos-preise-reservierung\/\"><strong>Onlineformular<\/strong><\/a> mindestens 48 Stunden vor Ihrem gew\u00fcnschten Besuch aus. Die Uhrzeit Ihres Besuches ist frei w\u00e4hlbar. Die maximale Anzahl der Besucher liegt bei 31 Personen pro Gruppe.\u00a0<\/p>\n<p>Fahrzeit: 20min<\/p>\n<p>Zugang f\u00fcr Personen mit eingeschr\u00e4nkter Mobilit\u00e4t m\u00f6glich<\/p>\n<p>Hunde sind in der Grubenbahn nicht zugelassen<\/p>\n","protected":false},"excerpt":{"rendered":"<p>Bitte beachten Sie, dass im Zuge der derzeit geltenden Corona-Ma\u00dfnahmen unsere F\u00fchrungen auf 10 Besucher beschr\u00e4nkt sind. Die Grubenbahn stellt die Verbindung zwischen der Oberfl\u00e4che und dem Bergwerk her. Sie [&hellip;]<\/p>\n","protected":false},"author":3,"featured_media":0,"parent":976,"menu_order":0,"comment_status":"closed","ping_status":"closed","template":"","meta":{"footnotes":""},"class_list":["post-1429","page","type-page","status-publish","hentry"],"aioseo_notices":[],"_links":{"self":[{"href":"https:\/\/mnm.lu\/de\/wp-json\/wp\/v2\/pages\/1429","targetHints":{"allow":["GET"]}}],"collection":[{"href":"https:\/\/mnm.lu\/de\/wp-json\/wp\/v2\/pages"}],"about":[{"href":"https:\/\/mnm.lu\/de\/wp-json\/wp\/v2\/types\/page"}],"author":[{"embeddable":true,"href":"https:\/\/mnm.lu\/de\/wp-json\/wp\/v2\/users\/3"}],"replies":[{"embeddable":true,"href":"https:\/\/mnm.lu\/de\/wp-json\/wp\/v2\/comments?post=1429"}],"version-history":[{"count":2,"href":"https:\/\/mnm.lu\/de\/wp-json\/wp\/v2\/pages\/1429\/revisions"}],"predecessor-version":[{"id":12917,"href":"https:\/\/mnm.lu\/de\/wp-json\/wp\/v2\/pages\/1429\/revisions\/12917"}],"up":[{"embeddable":true,"href":"https:\/\/mnm.lu\/de\/wp-json\/wp\/v2\/pages\/976"}],"wp:attachment":[{"href":"https:\/\/mnm.lu\/de\/wp-json\/wp\/v2\/media?parent=1429"}],"curies":[{"name":"wp","href":"https:\/\/api.w.org\/{rel}","templated":true}]}}