{"id":1000,"date":"2018-10-12T14:25:02","date_gmt":"2018-10-12T12:25:02","guid":{"rendered":"https:\/\/mnm.lu\/?page_id=1000"},"modified":"2024-03-05T18:50:05","modified_gmt":"2024-03-05T17:50:05","slug":"geburtstag-im-mnm","status":"publish","type":"page","link":"https:\/\/mnm.lu\/de\/besuche\/geburtstag-im-mnm\/","title":{"rendered":"Geburtstag im Bergwerk"},"content":{"rendered":"<p>[vc_row][vc_column][vc_column_text]<\/p>\n<p>Sie wollen den Geburtstag Ihres Kindes an einem au\u00dfergew\u00f6hnlichen Ort feiern?<br \/>\nDas Museum bietet Ihnen die M\u00f6glichkeit vor oder auch nach einer Besichtigung den Geburtstag in dem Geb\u00e4ude des Museums zu feiern. Ein Saal mit Tischen und St\u00fchlen steht Ihnen zur Verf\u00fcgung.<br \/>\nMit dem von Ihnen mitgebrachten Essen sowie Getr\u00e4nken k\u00f6nnen Sie in unserem Mehrzweckraum feiern. Bitte notieren Sie die Anzahl der Personen auf dem <strong><a href=\"https:\/\/mnm.lu\/de\/infos-preise-reservierung\/\">Reservierungsformular<\/a><\/strong>.<\/p>\n<p>Reservierungen sollen\u00a0 bitte 48 Stunden vor der Besichtigung \u00fcber unsere Webseite get\u00e4tigt werden. Uhrzeit sowie Sprache (Luxemburgisch, Deutsch, Franz\u00f6sisch, Englisch) Ihres Besuchs sind frei w\u00e4hlbar.<\/p>\n<p>[\/vc_column_text][vc_row_inner][vc_column_inner width=&#8221;1\/4&#8243;][vc_btn title=&#8221;\u00d6ffnungszeiten und Preise&#8221; style=&#8221;custom&#8221; custom_text=&#8221;#666666&#8243; align=&#8221;center&#8221; button_block=&#8221;true&#8221; link=&#8221;url:https%3A%2F%2Fmnm.lu%2Fde%2Foffnungszeiten-und-preise%2F|title:%C3%96ffnungszeiten%20und%20Preise&#8221; el_class=&#8221;button-red&#8221;][\/vc_column_inner][vc_column_inner width=&#8221;1\/4&#8243;][\/vc_column_inner][vc_column_inner width=&#8221;1\/4&#8243;][\/vc_column_inner][vc_column_inner width=&#8221;1\/4&#8243;][vc_btn title=&#8221;Reservierung&#8221; style=&#8221;custom&#8221; custom_text=&#8221;#666666&#8243; align=&#8221;center&#8221; button_block=&#8221;true&#8221; link=&#8221;url:https%3A%2F%2Fmnm.lu%2Fde%2Freservierung%2F|title:Reservierung&#8221; el_class=&#8221;button-red&#8221;][\/vc_column_inner][\/vc_row_inner][\/vc_column][\/vc_row]<\/p>\n","protected":false},"excerpt":{"rendered":"<p>[vc_row][vc_column][vc_column_text] Sie wollen den Geburtstag Ihres Kindes an einem au\u00dfergew\u00f6hnlichen Ort feiern? Das Museum bietet Ihnen die M\u00f6glichkeit vor oder auch nach einer Besichtigung den Geburtstag in dem Geb\u00e4ude des [&hellip;]<\/p>\n","protected":false},"author":1,"featured_media":0,"parent":976,"menu_order":0,"comment_status":"closed","ping_status":"closed","template":"","meta":{"footnotes":""},"class_list":["post-1000","page","type-page","status-publish","hentry"],"aioseo_notices":[],"_links":{"self":[{"href":"https:\/\/mnm.lu\/de\/wp-json\/wp\/v2\/pages\/1000","targetHints":{"allow":["GET"]}}],"collection":[{"href":"https:\/\/mnm.lu\/de\/wp-json\/wp\/v2\/pages"}],"about":[{"href":"https:\/\/mnm.lu\/de\/wp-json\/wp\/v2\/types\/page"}],"author":[{"embeddable":true,"href":"https:\/\/mnm.lu\/de\/wp-json\/wp\/v2\/users\/1"}],"replies":[{"embeddable":true,"href":"https:\/\/mnm.lu\/de\/wp-json\/wp\/v2\/comments?post=1000"}],"version-history":[{"count":5,"href":"https:\/\/mnm.lu\/de\/wp-json\/wp\/v2\/pages\/1000\/revisions"}],"predecessor-version":[{"id":12446,"href":"https:\/\/mnm.lu\/de\/wp-json\/wp\/v2\/pages\/1000\/revisions\/12446"}],"up":[{"embeddable":true,"href":"https:\/\/mnm.lu\/de\/wp-json\/wp\/v2\/pages\/976"}],"wp:attachment":[{"href":"https:\/\/mnm.lu\/de\/wp-json\/wp\/v2\/media?parent=1000"}],"curies":[{"name":"wp","href":"https:\/\/api.w.org\/{rel}","templated":true}]}}